{"id":272,"date":"2024-02-02T20:37:55","date_gmt":"2024-02-02T19:37:55","guid":{"rendered":"https:\/\/zwinger-vom-kleinen-birkenweg.de\/?page_id=272"},"modified":"2024-02-02T21:10:31","modified_gmt":"2024-02-02T20:10:31","slug":"deckruede-k-zefir-z-gajowego-wzgorza","status":"publish","type":"page","link":"https:\/\/zwinger-vom-kleinen-birkenweg.de\/en\/deckruede-k-zefir-z-gajowego-wzgorza\/","title":{"rendered":"Deckr\u00fcde K.Zefir Z Gajowego Wzg\u00f3rza"},"content":{"rendered":"\n<p>F\u00fcr den B-Wurf haben wir als Deckr\u00fcden K.Zefir Z Gajowego Wzg\u00f3rza aus dem Zwinger von  Piotr Szulist ausgew\u00e4hlt. <\/p>\n\n\n\n<figure class=\"wp-block-image size-large\"><a href=\"http:\/\/zwinger-vom-kleinen-birkenweg.de\/wp-content\/uploads\/2024\/02\/IMG-20231110-WA0012.jpg\"><img loading=\"lazy\" decoding=\"async\" width=\"820\" height=\"1024\" src=\"http:\/\/zwinger-vom-kleinen-birkenweg.de\/wp-content\/uploads\/2024\/02\/IMG-20231110-WA0012-820x1024.jpg\" alt=\"\" class=\"wp-image-275\" srcset=\"https:\/\/zwinger-vom-kleinen-birkenweg.de\/wp-content\/uploads\/2024\/02\/IMG-20231110-WA0012-820x1024.jpg 820w, https:\/\/zwinger-vom-kleinen-birkenweg.de\/wp-content\/uploads\/2024\/02\/IMG-20231110-WA0012-240x300.jpg 240w, https:\/\/zwinger-vom-kleinen-birkenweg.de\/wp-content\/uploads\/2024\/02\/IMG-20231110-WA0012-768x959.jpg 768w, https:\/\/zwinger-vom-kleinen-birkenweg.de\/wp-content\/uploads\/2024\/02\/IMG-20231110-WA0012-1230x1536.jpg 1230w, https:\/\/zwinger-vom-kleinen-birkenweg.de\/wp-content\/uploads\/2024\/02\/IMG-20231110-WA0012.jpg 1281w\" sizes=\"auto, (max-width: 767px) 89vw, (max-width: 1000px) 54vw, (max-width: 1071px) 543px, 580px\" \/><\/a><\/figure>\n\n\n\n<figure class=\"wp-block-gallery has-nested-images columns-default is-cropped wp-block-gallery-1 is-layout-flex wp-block-gallery-is-layout-flex\">\n<figure class=\"wp-block-image size-large\"><a href=\"https:\/\/zwinger-vom-kleinen-birkenweg.de\/wp-content\/uploads\/2024\/02\/IMG-20231110-WA0009.jpg\"><img loading=\"lazy\" decoding=\"async\" width=\"897\" height=\"1024\" data-id=\"276\" src=\"https:\/\/zwinger-vom-kleinen-birkenweg.de\/wp-content\/uploads\/2024\/02\/IMG-20231110-WA0009-897x1024.jpg\" alt=\"\" class=\"wp-image-276\"\/><\/a><\/figure>\n<\/figure>\n\n\n\n<figure class=\"wp-block-image size-full\"><a href=\"http:\/\/zwinger-vom-kleinen-birkenweg.de\/wp-content\/uploads\/2024\/02\/IMG-20231110-WA0013.jpg\"><img loading=\"lazy\" decoding=\"async\" width=\"683\" height=\"1024\" src=\"http:\/\/zwinger-vom-kleinen-birkenweg.de\/wp-content\/uploads\/2024\/02\/IMG-20231110-WA0013.jpg\" alt=\"\" class=\"wp-image-274\" srcset=\"https:\/\/zwinger-vom-kleinen-birkenweg.de\/wp-content\/uploads\/2024\/02\/IMG-20231110-WA0013.jpg 683w, https:\/\/zwinger-vom-kleinen-birkenweg.de\/wp-content\/uploads\/2024\/02\/IMG-20231110-WA0013-200x300.jpg 200w\" sizes=\"auto, (max-width: 683px) 100vw, 683px\" \/><\/a><\/figure>\n\n\n\n<figure class=\"wp-block-image size-full\"><a href=\"http:\/\/zwinger-vom-kleinen-birkenweg.de\/wp-content\/uploads\/2024\/02\/IMG-20231110-WA0014.jpg\"><img loading=\"lazy\" decoding=\"async\" width=\"1024\" height=\"768\" src=\"http:\/\/zwinger-vom-kleinen-birkenweg.de\/wp-content\/uploads\/2024\/02\/IMG-20231110-WA0014.jpg\" alt=\"\" class=\"wp-image-273\" srcset=\"https:\/\/zwinger-vom-kleinen-birkenweg.de\/wp-content\/uploads\/2024\/02\/IMG-20231110-WA0014.jpg 1024w, https:\/\/zwinger-vom-kleinen-birkenweg.de\/wp-content\/uploads\/2024\/02\/IMG-20231110-WA0014-300x225.jpg 300w, https:\/\/zwinger-vom-kleinen-birkenweg.de\/wp-content\/uploads\/2024\/02\/IMG-20231110-WA0014-768x576.jpg 768w\" sizes=\"auto, (max-width: 767px) 89vw, (max-width: 1000px) 54vw, (max-width: 1071px) 543px, 580px\" \/><\/a><\/figure>\n","protected":false},"excerpt":{"rendered":"<p>F\u00fcr den B-Wurf haben wir als Deckr\u00fcden K.Zefir Z Gajowego Wzg\u00f3rza aus dem Zwinger von Piotr Szulist ausgew\u00e4hlt.<\/p>\n","protected":false},"author":1,"featured_media":0,"parent":0,"menu_order":0,"comment_status":"closed","ping_status":"closed","template":"","meta":{"footnotes":""},"class_list":["post-272","page","type-page","status-publish","hentry"],"translation":{"provider":"WPGlobus","version":"3.0.2","language":"en","enabled_languages":["de","en"],"languages":{"de":{"title":true,"content":true,"excerpt":false},"en":{"title":false,"content":false,"excerpt":false}}},"_links":{"self":[{"href":"https:\/\/zwinger-vom-kleinen-birkenweg.de\/en\/wp-json\/wp\/v2\/pages\/272","targetHints":{"allow":["GET"]}}],"collection":[{"href":"https:\/\/zwinger-vom-kleinen-birkenweg.de\/en\/wp-json\/wp\/v2\/pages"}],"about":[{"href":"https:\/\/zwinger-vom-kleinen-birkenweg.de\/en\/wp-json\/wp\/v2\/types\/page"}],"author":[{"embeddable":true,"href":"https:\/\/zwinger-vom-kleinen-birkenweg.de\/en\/wp-json\/wp\/v2\/users\/1"}],"replies":[{"embeddable":true,"href":"https:\/\/zwinger-vom-kleinen-birkenweg.de\/en\/wp-json\/wp\/v2\/comments?post=272"}],"version-history":[{"count":1,"href":"https:\/\/zwinger-vom-kleinen-birkenweg.de\/en\/wp-json\/wp\/v2\/pages\/272\/revisions"}],"predecessor-version":[{"id":279,"href":"https:\/\/zwinger-vom-kleinen-birkenweg.de\/en\/wp-json\/wp\/v2\/pages\/272\/revisions\/279"}],"wp:attachment":[{"href":"https:\/\/zwinger-vom-kleinen-birkenweg.de\/en\/wp-json\/wp\/v2\/media?parent=272"}],"curies":[{"name":"wp","href":"https:\/\/api.w.org\/{rel}","templated":true}]}}