{"id":307,"date":"2024-08-27T21:03:18","date_gmt":"2024-08-27T19:03:18","guid":{"rendered":"https:\/\/zwinger-vom-kleinen-birkenweg.de\/?page_id=307"},"modified":"2024-08-27T21:10:52","modified_gmt":"2024-08-27T19:10:52","slug":"der-b-wurf-ist-da","status":"publish","type":"page","link":"https:\/\/zwinger-vom-kleinen-birkenweg.de\/en\/der-b-wurf-ist-da\/","title":{"rendered":"Der B-Wurf ist da"},"content":{"rendered":"\n<p>Am 22. August 2024 hat unsere Aila sieben gesunde Welpen geworfen, davon drei R\u00fcden und vier H\u00fcndinnen. <\/p>\n\n\n\n<figure class=\"wp-block-image size-large\"><a href=\"http:\/\/zwinger-vom-kleinen-birkenweg.de\/wp-content\/uploads\/2024\/08\/IMG-20240822-WA0021.jpg\"><img loading=\"lazy\" decoding=\"async\" width=\"1024\" height=\"576\" src=\"http:\/\/zwinger-vom-kleinen-birkenweg.de\/wp-content\/uploads\/2024\/08\/IMG-20240822-WA0021-1024x576.jpg\" alt=\"\" class=\"wp-image-304\" srcset=\"https:\/\/zwinger-vom-kleinen-birkenweg.de\/wp-content\/uploads\/2024\/08\/IMG-20240822-WA0021-1024x576.jpg 1024w, https:\/\/zwinger-vom-kleinen-birkenweg.de\/wp-content\/uploads\/2024\/08\/IMG-20240822-WA0021-300x169.jpg 300w, https:\/\/zwinger-vom-kleinen-birkenweg.de\/wp-content\/uploads\/2024\/08\/IMG-20240822-WA0021-768x432.jpg 768w, https:\/\/zwinger-vom-kleinen-birkenweg.de\/wp-content\/uploads\/2024\/08\/IMG-20240822-WA0021-1536x864.jpg 1536w, https:\/\/zwinger-vom-kleinen-birkenweg.de\/wp-content\/uploads\/2024\/08\/IMG-20240822-WA0021.jpg 1600w\" sizes=\"auto, (max-width: 767px) 89vw, (max-width: 1000px) 54vw, (max-width: 1071px) 543px, 580px\" \/><\/a><\/figure>\n\n\n\n<p>Nr. 1 &#8211; R\u00fcde, 459 g<br>Nr. 2- H\u00fcndin, 496 g<br>Nr. 3 &#8211; R\u00fcde, 479 g<br>Nr. 4 &#8211; R\u00fcde, 422 g<br>Nr. 5 &#8211; H\u00fcndin, 498 g<br>Nr. 6 &#8211; H\u00fcndin, 424 g<br>Nr. 7 &#8211; H\u00fcndin, 470 g<\/p>\n\n\n\n<p>Alle sieben sind schokobraun wie ihre Eltern.<br>Wie bei allen Welpen dreht sich derzeit alles noch um fressen, schlafen und kuscheln.<\/p>\n\n\n\n<figure class=\"wp-block-gallery has-nested-images columns-default is-cropped wp-block-gallery-1 is-layout-flex wp-block-gallery-is-layout-flex\">\n<figure class=\"wp-block-image size-large\"><a href=\"https:\/\/zwinger-vom-kleinen-birkenweg.de\/wp-content\/uploads\/2024\/08\/20240823_070012-scaled.jpg\"><img loading=\"lazy\" decoding=\"async\" width=\"576\" height=\"1024\" data-id=\"295\" src=\"https:\/\/zwinger-vom-kleinen-birkenweg.de\/wp-content\/uploads\/2024\/08\/20240823_070012-576x1024.jpg\" alt=\"\" class=\"wp-image-295\" srcset=\"https:\/\/zwinger-vom-kleinen-birkenweg.de\/wp-content\/uploads\/2024\/08\/20240823_070012-576x1024.jpg 576w, https:\/\/zwinger-vom-kleinen-birkenweg.de\/wp-content\/uploads\/2024\/08\/20240823_070012-169x300.jpg 169w, https:\/\/zwinger-vom-kleinen-birkenweg.de\/wp-content\/uploads\/2024\/08\/20240823_070012-768x1365.jpg 768w, https:\/\/zwinger-vom-kleinen-birkenweg.de\/wp-content\/uploads\/2024\/08\/20240823_070012-864x1536.jpg 864w, https:\/\/zwinger-vom-kleinen-birkenweg.de\/wp-content\/uploads\/2024\/08\/20240823_070012-1152x2048.jpg 1152w, https:\/\/zwinger-vom-kleinen-birkenweg.de\/wp-content\/uploads\/2024\/08\/20240823_070012-scaled.jpg 1440w\" sizes=\"auto, (max-width: 576px) 100vw, 576px\" \/><\/a><\/figure>\n\n\n\n<figure class=\"wp-block-image size-large\"><a href=\"https:\/\/zwinger-vom-kleinen-birkenweg.de\/wp-content\/uploads\/2024\/08\/20240823_070037-scaled.jpg\"><img loading=\"lazy\" decoding=\"async\" width=\"576\" height=\"1024\" data-id=\"296\" src=\"https:\/\/zwinger-vom-kleinen-birkenweg.de\/wp-content\/uploads\/2024\/08\/20240823_070037-576x1024.jpg\" alt=\"\" class=\"wp-image-296\" srcset=\"https:\/\/zwinger-vom-kleinen-birkenweg.de\/wp-content\/uploads\/2024\/08\/20240823_070037-576x1024.jpg 576w, https:\/\/zwinger-vom-kleinen-birkenweg.de\/wp-content\/uploads\/2024\/08\/20240823_070037-169x300.jpg 169w, https:\/\/zwinger-vom-kleinen-birkenweg.de\/wp-content\/uploads\/2024\/08\/20240823_070037-768x1365.jpg 768w, https:\/\/zwinger-vom-kleinen-birkenweg.de\/wp-content\/uploads\/2024\/08\/20240823_070037-864x1536.jpg 864w, https:\/\/zwinger-vom-kleinen-birkenweg.de\/wp-content\/uploads\/2024\/08\/20240823_070037-1152x2048.jpg 1152w, https:\/\/zwinger-vom-kleinen-birkenweg.de\/wp-content\/uploads\/2024\/08\/20240823_070037-scaled.jpg 1440w\" sizes=\"auto, (max-width: 576px) 100vw, 576px\" \/><\/a><\/figure>\n\n\n\n<figure class=\"wp-block-image size-large\"><a href=\"https:\/\/zwinger-vom-kleinen-birkenweg.de\/wp-content\/uploads\/2024\/08\/20240825_101628-scaled.jpg\"><img loading=\"lazy\" decoding=\"async\" width=\"576\" height=\"1024\" data-id=\"297\" src=\"https:\/\/zwinger-vom-kleinen-birkenweg.de\/wp-content\/uploads\/2024\/08\/20240825_101628-576x1024.jpg\" alt=\"\" class=\"wp-image-297\" srcset=\"https:\/\/zwinger-vom-kleinen-birkenweg.de\/wp-content\/uploads\/2024\/08\/20240825_101628-576x1024.jpg 576w, https:\/\/zwinger-vom-kleinen-birkenweg.de\/wp-content\/uploads\/2024\/08\/20240825_101628-169x300.jpg 169w, https:\/\/zwinger-vom-kleinen-birkenweg.de\/wp-content\/uploads\/2024\/08\/20240825_101628-768x1365.jpg 768w, https:\/\/zwinger-vom-kleinen-birkenweg.de\/wp-content\/uploads\/2024\/08\/20240825_101628-864x1536.jpg 864w, https:\/\/zwinger-vom-kleinen-birkenweg.de\/wp-content\/uploads\/2024\/08\/20240825_101628-1152x2048.jpg 1152w, https:\/\/zwinger-vom-kleinen-birkenweg.de\/wp-content\/uploads\/2024\/08\/20240825_101628-scaled.jpg 1440w\" sizes=\"auto, (max-width: 576px) 100vw, 576px\" \/><\/a><\/figure>\n\n\n\n<figure class=\"wp-block-image size-large\"><a href=\"https:\/\/zwinger-vom-kleinen-birkenweg.de\/wp-content\/uploads\/2024\/08\/20240825_114005-scaled.jpg\"><img loading=\"lazy\" decoding=\"async\" width=\"576\" height=\"1024\" data-id=\"298\" src=\"https:\/\/zwinger-vom-kleinen-birkenweg.de\/wp-content\/uploads\/2024\/08\/20240825_114005-576x1024.jpg\" alt=\"\" class=\"wp-image-298\" srcset=\"https:\/\/zwinger-vom-kleinen-birkenweg.de\/wp-content\/uploads\/2024\/08\/20240825_114005-576x1024.jpg 576w, https:\/\/zwinger-vom-kleinen-birkenweg.de\/wp-content\/uploads\/2024\/08\/20240825_114005-169x300.jpg 169w, https:\/\/zwinger-vom-kleinen-birkenweg.de\/wp-content\/uploads\/2024\/08\/20240825_114005-768x1365.jpg 768w, https:\/\/zwinger-vom-kleinen-birkenweg.de\/wp-content\/uploads\/2024\/08\/20240825_114005-864x1536.jpg 864w, https:\/\/zwinger-vom-kleinen-birkenweg.de\/wp-content\/uploads\/2024\/08\/20240825_114005-1152x2048.jpg 1152w, https:\/\/zwinger-vom-kleinen-birkenweg.de\/wp-content\/uploads\/2024\/08\/20240825_114005-scaled.jpg 1440w\" sizes=\"auto, (max-width: 576px) 100vw, 576px\" \/><\/a><\/figure>\n\n\n\n<figure class=\"wp-block-image size-large\"><a href=\"https:\/\/zwinger-vom-kleinen-birkenweg.de\/wp-content\/uploads\/2024\/08\/20240825_193848-scaled.jpg\"><img loading=\"lazy\" decoding=\"async\" width=\"576\" height=\"1024\" data-id=\"299\" src=\"https:\/\/zwinger-vom-kleinen-birkenweg.de\/wp-content\/uploads\/2024\/08\/20240825_193848-576x1024.jpg\" alt=\"\" class=\"wp-image-299\" srcset=\"https:\/\/zwinger-vom-kleinen-birkenweg.de\/wp-content\/uploads\/2024\/08\/20240825_193848-576x1024.jpg 576w, https:\/\/zwinger-vom-kleinen-birkenweg.de\/wp-content\/uploads\/2024\/08\/20240825_193848-169x300.jpg 169w, https:\/\/zwinger-vom-kleinen-birkenweg.de\/wp-content\/uploads\/2024\/08\/20240825_193848-768x1365.jpg 768w, https:\/\/zwinger-vom-kleinen-birkenweg.de\/wp-content\/uploads\/2024\/08\/20240825_193848-864x1536.jpg 864w, https:\/\/zwinger-vom-kleinen-birkenweg.de\/wp-content\/uploads\/2024\/08\/20240825_193848-1152x2048.jpg 1152w, https:\/\/zwinger-vom-kleinen-birkenweg.de\/wp-content\/uploads\/2024\/08\/20240825_193848-scaled.jpg 1440w\" sizes=\"auto, (max-width: 576px) 100vw, 576px\" \/><\/a><\/figure>\n\n\n\n<figure class=\"wp-block-image size-large\"><a href=\"https:\/\/zwinger-vom-kleinen-birkenweg.de\/wp-content\/uploads\/2024\/08\/20240826_082658-scaled.jpg\"><img loading=\"lazy\" decoding=\"async\" width=\"576\" height=\"1024\" data-id=\"300\" src=\"https:\/\/zwinger-vom-kleinen-birkenweg.de\/wp-content\/uploads\/2024\/08\/20240826_082658-576x1024.jpg\" alt=\"\" class=\"wp-image-300\" srcset=\"https:\/\/zwinger-vom-kleinen-birkenweg.de\/wp-content\/uploads\/2024\/08\/20240826_082658-576x1024.jpg 576w, https:\/\/zwinger-vom-kleinen-birkenweg.de\/wp-content\/uploads\/2024\/08\/20240826_082658-169x300.jpg 169w, https:\/\/zwinger-vom-kleinen-birkenweg.de\/wp-content\/uploads\/2024\/08\/20240826_082658-768x1365.jpg 768w, https:\/\/zwinger-vom-kleinen-birkenweg.de\/wp-content\/uploads\/2024\/08\/20240826_082658-864x1536.jpg 864w, https:\/\/zwinger-vom-kleinen-birkenweg.de\/wp-content\/uploads\/2024\/08\/20240826_082658-1152x2048.jpg 1152w, https:\/\/zwinger-vom-kleinen-birkenweg.de\/wp-content\/uploads\/2024\/08\/20240826_082658-scaled.jpg 1440w\" sizes=\"auto, (max-width: 576px) 100vw, 576px\" \/><\/a><\/figure>\n\n\n\n<figure class=\"wp-block-image size-large\"><a href=\"https:\/\/zwinger-vom-kleinen-birkenweg.de\/wp-content\/uploads\/2024\/08\/20240826_082923-scaled.jpg\"><img loading=\"lazy\" decoding=\"async\" width=\"576\" height=\"1024\" data-id=\"301\" src=\"https:\/\/zwinger-vom-kleinen-birkenweg.de\/wp-content\/uploads\/2024\/08\/20240826_082923-576x1024.jpg\" alt=\"\" class=\"wp-image-301\" srcset=\"https:\/\/zwinger-vom-kleinen-birkenweg.de\/wp-content\/uploads\/2024\/08\/20240826_082923-576x1024.jpg 576w, https:\/\/zwinger-vom-kleinen-birkenweg.de\/wp-content\/uploads\/2024\/08\/20240826_082923-169x300.jpg 169w, https:\/\/zwinger-vom-kleinen-birkenweg.de\/wp-content\/uploads\/2024\/08\/20240826_082923-768x1365.jpg 768w, https:\/\/zwinger-vom-kleinen-birkenweg.de\/wp-content\/uploads\/2024\/08\/20240826_082923-864x1536.jpg 864w, https:\/\/zwinger-vom-kleinen-birkenweg.de\/wp-content\/uploads\/2024\/08\/20240826_082923-1152x2048.jpg 1152w, https:\/\/zwinger-vom-kleinen-birkenweg.de\/wp-content\/uploads\/2024\/08\/20240826_082923-scaled.jpg 1440w\" sizes=\"auto, (max-width: 576px) 100vw, 576px\" \/><\/a><\/figure>\n\n\n\n<figure class=\"wp-block-image size-large\"><a href=\"https:\/\/zwinger-vom-kleinen-birkenweg.de\/wp-content\/uploads\/2024\/08\/20240827_075201-scaled.jpg\"><img loading=\"lazy\" decoding=\"async\" width=\"576\" height=\"1024\" data-id=\"302\" src=\"https:\/\/zwinger-vom-kleinen-birkenweg.de\/wp-content\/uploads\/2024\/08\/20240827_075201-576x1024.jpg\" alt=\"\" class=\"wp-image-302\" srcset=\"https:\/\/zwinger-vom-kleinen-birkenweg.de\/wp-content\/uploads\/2024\/08\/20240827_075201-576x1024.jpg 576w, https:\/\/zwinger-vom-kleinen-birkenweg.de\/wp-content\/uploads\/2024\/08\/20240827_075201-169x300.jpg 169w, https:\/\/zwinger-vom-kleinen-birkenweg.de\/wp-content\/uploads\/2024\/08\/20240827_075201-768x1365.jpg 768w, https:\/\/zwinger-vom-kleinen-birkenweg.de\/wp-content\/uploads\/2024\/08\/20240827_075201-864x1536.jpg 864w, https:\/\/zwinger-vom-kleinen-birkenweg.de\/wp-content\/uploads\/2024\/08\/20240827_075201-1152x2048.jpg 1152w, https:\/\/zwinger-vom-kleinen-birkenweg.de\/wp-content\/uploads\/2024\/08\/20240827_075201-scaled.jpg 1440w\" sizes=\"auto, (max-width: 576px) 100vw, 576px\" \/><\/a><\/figure>\n\n\n\n<figure class=\"wp-block-image size-large\"><a href=\"https:\/\/zwinger-vom-kleinen-birkenweg.de\/wp-content\/uploads\/2024\/08\/20240827_194013-scaled.jpg\"><img loading=\"lazy\" decoding=\"async\" width=\"576\" height=\"1024\" data-id=\"303\" src=\"https:\/\/zwinger-vom-kleinen-birkenweg.de\/wp-content\/uploads\/2024\/08\/20240827_194013-576x1024.jpg\" alt=\"\" class=\"wp-image-303\" srcset=\"https:\/\/zwinger-vom-kleinen-birkenweg.de\/wp-content\/uploads\/2024\/08\/20240827_194013-576x1024.jpg 576w, https:\/\/zwinger-vom-kleinen-birkenweg.de\/wp-content\/uploads\/2024\/08\/20240827_194013-169x300.jpg 169w, https:\/\/zwinger-vom-kleinen-birkenweg.de\/wp-content\/uploads\/2024\/08\/20240827_194013-768x1365.jpg 768w, https:\/\/zwinger-vom-kleinen-birkenweg.de\/wp-content\/uploads\/2024\/08\/20240827_194013-864x1536.jpg 864w, https:\/\/zwinger-vom-kleinen-birkenweg.de\/wp-content\/uploads\/2024\/08\/20240827_194013-1152x2048.jpg 1152w, https:\/\/zwinger-vom-kleinen-birkenweg.de\/wp-content\/uploads\/2024\/08\/20240827_194013-scaled.jpg 1440w\" sizes=\"auto, (max-width: 576px) 100vw, 576px\" \/><\/a><\/figure>\n\n\n\n<figure class=\"wp-block-image size-large\"><a href=\"https:\/\/zwinger-vom-kleinen-birkenweg.de\/wp-content\/uploads\/2024\/08\/IMG-20240824-WA0022.jpg\"><img loading=\"lazy\" decoding=\"async\" width=\"576\" height=\"1024\" data-id=\"305\" src=\"https:\/\/zwinger-vom-kleinen-birkenweg.de\/wp-content\/uploads\/2024\/08\/IMG-20240824-WA0022-576x1024.jpg\" alt=\"\" class=\"wp-image-305\" srcset=\"https:\/\/zwinger-vom-kleinen-birkenweg.de\/wp-content\/uploads\/2024\/08\/IMG-20240824-WA0022-576x1024.jpg 576w, https:\/\/zwinger-vom-kleinen-birkenweg.de\/wp-content\/uploads\/2024\/08\/IMG-20240824-WA0022-169x300.jpg 169w, https:\/\/zwinger-vom-kleinen-birkenweg.de\/wp-content\/uploads\/2024\/08\/IMG-20240824-WA0022-768x1365.jpg 768w, https:\/\/zwinger-vom-kleinen-birkenweg.de\/wp-content\/uploads\/2024\/08\/IMG-20240824-WA0022-864x1536.jpg 864w, https:\/\/zwinger-vom-kleinen-birkenweg.de\/wp-content\/uploads\/2024\/08\/IMG-20240824-WA0022.jpg 1125w\" sizes=\"auto, (max-width: 576px) 100vw, 576px\" \/><\/a><\/figure>\n<\/figure>\n","protected":false},"excerpt":{"rendered":"<p>Am 22. August 2024 hat unsere Aila sieben gesunde Welpen geworfen, davon drei R\u00fcden und vier H\u00fcndinnen. Nr. 1 &#8211; R\u00fcde, 459 gNr. 2- H\u00fcndin, 496 gNr. 3 &#8211; R\u00fcde, 479 gNr. 4 &#8211; R\u00fcde, 422 gNr. 5 &#8211; H\u00fcndin, 498 gNr. 6 &#8211; H\u00fcndin, 424 gNr. 7 &#8211; H\u00fcndin, 470 g Alle sieben sind &hellip; <\/p>\n<p class=\"link-more\"><a href=\"https:\/\/zwinger-vom-kleinen-birkenweg.de\/en\/der-b-wurf-ist-da\/\" class=\"more-link\">Continue reading<span class=\"screen-reader-text\"> &#8220;Der B-Wurf ist da&#8221;<\/span><\/a><\/p>\n","protected":false},"author":1,"featured_media":304,"parent":0,"menu_order":0,"comment_status":"closed","ping_status":"closed","template":"","meta":{"footnotes":""},"class_list":["post-307","page","type-page","status-publish","has-post-thumbnail","hentry"],"translation":{"provider":"WPGlobus","version":"3.0.2","language":"en","enabled_languages":["de","en"],"languages":{"de":{"title":true,"content":true,"excerpt":false},"en":{"title":false,"content":false,"excerpt":false}}},"_links":{"self":[{"href":"https:\/\/zwinger-vom-kleinen-birkenweg.de\/en\/wp-json\/wp\/v2\/pages\/307","targetHints":{"allow":["GET"]}}],"collection":[{"href":"https:\/\/zwinger-vom-kleinen-birkenweg.de\/en\/wp-json\/wp\/v2\/pages"}],"about":[{"href":"https:\/\/zwinger-vom-kleinen-birkenweg.de\/en\/wp-json\/wp\/v2\/types\/page"}],"author":[{"embeddable":true,"href":"https:\/\/zwinger-vom-kleinen-birkenweg.de\/en\/wp-json\/wp\/v2\/users\/1"}],"replies":[{"embeddable":true,"href":"https:\/\/zwinger-vom-kleinen-birkenweg.de\/en\/wp-json\/wp\/v2\/comments?post=307"}],"version-history":[{"count":1,"href":"https:\/\/zwinger-vom-kleinen-birkenweg.de\/en\/wp-json\/wp\/v2\/pages\/307\/revisions"}],"predecessor-version":[{"id":308,"href":"https:\/\/zwinger-vom-kleinen-birkenweg.de\/en\/wp-json\/wp\/v2\/pages\/307\/revisions\/308"}],"wp:featuredmedia":[{"embeddable":true,"href":"https:\/\/zwinger-vom-kleinen-birkenweg.de\/en\/wp-json\/wp\/v2\/media\/304"}],"wp:attachment":[{"href":"https:\/\/zwinger-vom-kleinen-birkenweg.de\/en\/wp-json\/wp\/v2\/media?parent=307"}],"curies":[{"name":"wp","href":"https:\/\/api.w.org\/{rel}","templated":true}]}}