{"id":55,"date":"2022-01-25T21:56:21","date_gmt":"2022-01-25T20:56:21","guid":{"rendered":"https:\/\/zwinger-vom-kleinen-birkenweg.de\/?page_id=55"},"modified":"2022-01-26T21:46:52","modified_gmt":"2022-01-26T20:46:52","slug":"ueber-uns","status":"publish","type":"page","link":"https:\/\/zwinger-vom-kleinen-birkenweg.de\/en\/ueber-uns\/","title":{"rendered":"\u00dcber uns"},"content":{"rendered":"\n<p>Unsere braune Gonczy Polski H\u00fcndin Aila lebt mit einer Magyar Visla H\u00fcndin und mir und meiner Frau in einem Dorf in Nordseen\u00e4he im Landkreis Cuxhaven.&nbsp;&nbsp;&nbsp;&nbsp;&nbsp;&nbsp;&nbsp;&nbsp;&nbsp;&nbsp;&nbsp;&nbsp;&nbsp;&nbsp;&nbsp;&nbsp;&nbsp;<\/p>\n\n\n\n<p>Durch meine T\u00e4tigkeit als Revierf\u00f6rster sind beide Hunde jeden Tag mit mir drau\u00dfen im Revier. \u00a0\u00a0\u00a0\u00a0\u00a0\u00a0\u00a0\u00a0\u00a0\u00a0\u00a0\u00a0\u00a0\u00a0\u00a0\u00a0\u00a0\u00a0\u00a0\u00a0\u00a0\u00a0\u00a0\u00a0\u00a0\u00a0\u00a0\u00a0\u00a0\u00a0\u00a0\u00a0\u00a0\u00a0\u00a0\u00a0\u00a0\u00a0\u00a0\u00a0\u00a0\u00a0\u00a0\u00a0\u00a0\u00a0\u00a0\u00a0\u00a0\u00a0\u00a0\u00a0\u00a0\u00a0\u00a0\u00a0\u00a0\u00a0\u00a0\u00a0\u00a0\u00a0\u00a0\u00a0\u00a0\u00a0\u00a0\u00a0\u00a0\u00a0\u00a0\u00a0<\/p>\n\n\n\n<p>Unsere Hunde sind vollwertige Familienmitglieder und werden mit viel Liebe, Respekt und Verstand in unser Leben und ihre Umwelt integriert. &nbsp;&nbsp;&nbsp;&nbsp;&nbsp;<\/p>\n\n\n\n<p>Wir streben nach einem gesunden, familienfreundlichen, umg\u00e4nglichen Hund nach dem Rassestandard des Verein Gonczy Polski Deutschland e. V., der seine hervorragenden jagdlichen Eigenschaften in unseren Revieren zeigen kann und den Jagderfolg f\u00f6rdert.<\/p>\n\n\n\n<figure class=\"wp-block-image size-large\"><a href=\"http:\/\/zwinger-vom-kleinen-birkenweg.de\/wp-content\/uploads\/2022\/01\/IMG-20200930-WA0002-e1643144656335.jpg\"><img loading=\"lazy\" decoding=\"async\" width=\"1024\" height=\"932\" src=\"http:\/\/zwinger-vom-kleinen-birkenweg.de\/wp-content\/uploads\/2022\/01\/IMG-20200930-WA0002-e1643144656335-1024x932.jpg\" alt=\"Stefan Br\u00f6\u00dfling mit der Gonczy Polski H\u00fcndin Aila vom Leimbachtal und Magyar Viszla Lotta\" class=\"wp-image-44\" srcset=\"https:\/\/zwinger-vom-kleinen-birkenweg.de\/wp-content\/uploads\/2022\/01\/IMG-20200930-WA0002-e1643144656335-1024x932.jpg 1024w, https:\/\/zwinger-vom-kleinen-birkenweg.de\/wp-content\/uploads\/2022\/01\/IMG-20200930-WA0002-e1643144656335-300x273.jpg 300w, https:\/\/zwinger-vom-kleinen-birkenweg.de\/wp-content\/uploads\/2022\/01\/IMG-20200930-WA0002-e1643144656335-768x699.jpg 768w, https:\/\/zwinger-vom-kleinen-birkenweg.de\/wp-content\/uploads\/2022\/01\/IMG-20200930-WA0002-e1643144656335.jpg 1200w\" sizes=\"auto, (max-width: 767px) 89vw, (max-width: 1000px) 54vw, (max-width: 1071px) 543px, 580px\" \/><\/a><\/figure>\n","protected":false},"excerpt":{"rendered":"<p>Unsere braune Gonczy Polski H\u00fcndin Aila lebt mit einer Magyar Visla H\u00fcndin und mir und meiner Frau in einem Dorf in Nordseen\u00e4he im Landkreis Cuxhaven.&nbsp;&nbsp;&nbsp;&nbsp;&nbsp;&nbsp;&nbsp;&nbsp;&nbsp;&nbsp;&nbsp;&nbsp;&nbsp;&nbsp;&nbsp;&nbsp;&nbsp; Durch meine T\u00e4tigkeit als Revierf\u00f6rster sind beide Hunde jeden Tag mit mir drau\u00dfen im Revier. \u00a0\u00a0\u00a0\u00a0\u00a0\u00a0\u00a0\u00a0\u00a0\u00a0\u00a0\u00a0\u00a0\u00a0\u00a0\u00a0\u00a0\u00a0\u00a0\u00a0\u00a0\u00a0\u00a0\u00a0\u00a0\u00a0\u00a0\u00a0\u00a0\u00a0\u00a0\u00a0\u00a0\u00a0\u00a0\u00a0\u00a0\u00a0\u00a0\u00a0\u00a0\u00a0\u00a0\u00a0\u00a0\u00a0\u00a0\u00a0\u00a0\u00a0\u00a0\u00a0\u00a0\u00a0\u00a0\u00a0\u00a0\u00a0\u00a0\u00a0\u00a0\u00a0\u00a0\u00a0\u00a0\u00a0\u00a0\u00a0\u00a0\u00a0\u00a0\u00a0 Unsere Hunde sind vollwertige Familienmitglieder und werden mit viel Liebe, Respekt und Verstand in &hellip; <\/p>\n<p class=\"link-more\"><a href=\"https:\/\/zwinger-vom-kleinen-birkenweg.de\/en\/ueber-uns\/\" class=\"more-link\">Continue reading<span class=\"screen-reader-text\"> &#8220;\u00dcber uns&#8221;<\/span><\/a><\/p>\n","protected":false},"author":1,"featured_media":67,"parent":0,"menu_order":0,"comment_status":"closed","ping_status":"closed","template":"","meta":{"footnotes":""},"class_list":["post-55","page","type-page","status-publish","has-post-thumbnail","hentry"],"translation":{"provider":"WPGlobus","version":"3.0.2","language":"en","enabled_languages":["de","en"],"languages":{"de":{"title":true,"content":true,"excerpt":false},"en":{"title":false,"content":false,"excerpt":false}}},"_links":{"self":[{"href":"https:\/\/zwinger-vom-kleinen-birkenweg.de\/en\/wp-json\/wp\/v2\/pages\/55","targetHints":{"allow":["GET"]}}],"collection":[{"href":"https:\/\/zwinger-vom-kleinen-birkenweg.de\/en\/wp-json\/wp\/v2\/pages"}],"about":[{"href":"https:\/\/zwinger-vom-kleinen-birkenweg.de\/en\/wp-json\/wp\/v2\/types\/page"}],"author":[{"embeddable":true,"href":"https:\/\/zwinger-vom-kleinen-birkenweg.de\/en\/wp-json\/wp\/v2\/users\/1"}],"replies":[{"embeddable":true,"href":"https:\/\/zwinger-vom-kleinen-birkenweg.de\/en\/wp-json\/wp\/v2\/comments?post=55"}],"version-history":[{"count":3,"href":"https:\/\/zwinger-vom-kleinen-birkenweg.de\/en\/wp-json\/wp\/v2\/pages\/55\/revisions"}],"predecessor-version":[{"id":74,"href":"https:\/\/zwinger-vom-kleinen-birkenweg.de\/en\/wp-json\/wp\/v2\/pages\/55\/revisions\/74"}],"wp:featuredmedia":[{"embeddable":true,"href":"https:\/\/zwinger-vom-kleinen-birkenweg.de\/en\/wp-json\/wp\/v2\/media\/67"}],"wp:attachment":[{"href":"https:\/\/zwinger-vom-kleinen-birkenweg.de\/en\/wp-json\/wp\/v2\/media?parent=55"}],"curies":[{"name":"wp","href":"https:\/\/api.w.org\/{rel}","templated":true}]}}